{"id":668,"date":"2025-11-14T12:26:49","date_gmt":"2025-11-14T12:26:49","guid":{"rendered":"https:\/\/tdrecycling.com.py\/?page_id=668"},"modified":"2025-12-03T15:35:31","modified_gmt":"2025-12-03T15:35:31","slug":"servicio-de-disposicion-final","status":"publish","type":"page","link":"https:\/\/tdrecycling.com.py\/pt\/servicio-de-disposicion-final\/","title":{"rendered":"Servi\u00e7o de descarte"},"content":{"rendered":"<div data-elementor-type=\"wp-page\" data-elementor-id=\"668\" class=\"elementor elementor-668\" data-elementor-post-type=\"page\">\n\t\t\t\t<div class=\"elementor-element elementor-element-af3fc30 hero-overlay e-flex e-con-boxed e-con e-parent\" data-id=\"af3fc30\" data-element_type=\"container\" data-settings=\"{&quot;background_background&quot;:&quot;slideshow&quot;,&quot;background_slideshow_gallery&quot;:[{&quot;id&quot;:672,&quot;url&quot;:&quot;https:\\\/\\\/tdrecycling.com.py\\\/wp-content\\\/uploads\\\/2025\\\/11\\\/principios_activos.png&quot;}],&quot;background_slideshow_ken_burns&quot;:&quot;yes&quot;,&quot;background_slideshow_ken_burns_zoom_direction&quot;:&quot;out&quot;,&quot;jet_parallax_layout_list&quot;:[],&quot;background_slideshow_loop&quot;:&quot;yes&quot;,&quot;background_slideshow_slide_duration&quot;:5000,&quot;background_slideshow_slide_transition&quot;:&quot;fade&quot;,&quot;background_slideshow_transition_duration&quot;:500}\">\n\t\t\t\t\t<div class=\"e-con-inner\">\n\t\t\t\t<div class=\"elementor-element elementor-element-a820272 elementor-widget__width-initial dm-single-heading-4 elementor-invisible elementor-widget elementor-widget-heading\" data-id=\"a820272\" data-element_type=\"widget\" data-settings=\"{&quot;_animation&quot;:&quot;fadeInUp&quot;}\" data-widget_type=\"heading.default\">\n\t\t\t\t\t<h2 class=\"elementor-heading-title elementor-size-default\">Servi\u00e7o de descarte final de pneus<\/h2>\t\t\t\t<\/div>\n\t\t\t\t\t<\/div>\n\t\t\t\t<\/div>\n\t\t<div class=\"elementor-element elementor-element-15371b1 e-flex e-con-boxed e-con e-parent\" data-id=\"15371b1\" data-element_type=\"container\" data-settings=\"{&quot;background_background&quot;:&quot;classic&quot;,&quot;jet_parallax_layout_list&quot;:[]}\">\n\t\t\t\t\t<div class=\"e-con-inner\">\n\t\t<div class=\"elementor-element elementor-element-c1d7c7a e-con-full e-flex e-con e-child\" data-id=\"c1d7c7a\" data-element_type=\"container\" data-settings=\"{&quot;jet_parallax_layout_list&quot;:[]}\">\n\t\t\t\t<div class=\"elementor-element elementor-element-5d8b606 elementor-widget elementor-widget-heading\" data-id=\"5d8b606\" data-element_type=\"widget\" data-widget_type=\"heading.default\">\n\t\t\t\t\t<h2 class=\"elementor-heading-title elementor-size-default\">Recep\u00e7\u00e3o de pneus<\/h2>\t\t\t\t<\/div>\n\t\t\t\t<\/div>\n\t\t<div class=\"elementor-element elementor-element-4bc48e3 e-con-full e-flex e-con e-child\" data-id=\"4bc48e3\" data-element_type=\"container\" data-settings=\"{&quot;jet_parallax_layout_list&quot;:[]}\">\n\t\t\t\t<div class=\"elementor-element elementor-element-d6dd48a elementor-widget elementor-widget-text-editor\" data-id=\"d6dd48a\" data-element_type=\"widget\" data-widget_type=\"text-editor.default\">\n\t\t\t\t\t\t\t\t\t<p>Na T&amp;D Recycling, oferecemos um servi\u00e7o integral de descarte final projetado para empresas, munic\u00edpios, institui\u00e7\u00f5es e organiza\u00e7\u00f5es que buscam uma solu\u00e7\u00e3o segura, certificada e sustent\u00e1vel para pneus fora de uso (PFU).<\/p>\t\t\t\t\t\t\t\t<\/div>\n\t\t\t\t<\/div>\n\t\t<div class=\"elementor-element elementor-element-67e9097 e-con-full borde-scroll-bg elementor-hidden-tablet elementor-hidden-mobile e-flex e-con e-child\" data-id=\"67e9097\" data-element_type=\"container\" data-settings=\"{&quot;background_background&quot;:&quot;classic&quot;,&quot;position&quot;:&quot;absolute&quot;,&quot;jet_parallax_layout_list&quot;:[]}\">\n\t\t\t\t<\/div>\n\t\t\t\t\t<\/div>\n\t\t\t\t<\/div>\n\t\t<div class=\"elementor-element elementor-element-1159b82 e-flex e-con-boxed e-con e-parent\" data-id=\"1159b82\" data-element_type=\"container\" data-settings=\"{&quot;background_background&quot;:&quot;classic&quot;,&quot;jet_parallax_layout_list&quot;:[]}\">\n\t\t\t\t\t<div class=\"e-con-inner\">\n\t\t<div class=\"elementor-element elementor-element-9b4889b e-con-full e-flex e-con e-child\" data-id=\"9b4889b\" data-element_type=\"container\" data-settings=\"{&quot;jet_parallax_layout_list&quot;:[]}\">\n\t\t\t\t<div class=\"elementor-element elementor-element-9911ca0 elementor-widget-mobile__width-initial elementor-widget__width-initial elementor-widget elementor-widget-heading\" data-id=\"9911ca0\" data-element_type=\"widget\" data-widget_type=\"heading.default\">\n\t\t\t\t\t<h2 class=\"elementor-heading-title elementor-size-default\">Benef\u00edcios para a sua organiza\u00e7\u00e3o<\/h2>\t\t\t\t<\/div>\n\t\t<div class=\"elementor-element elementor-element-ee43da6 e-grid e-con-full e-con e-child\" data-id=\"ee43da6\" data-element_type=\"container\" data-settings=\"{&quot;jet_parallax_layout_list&quot;:[]}\">\n\t\t\t\t<div class=\"elementor-element elementor-element-3a754ec elementor-position-left elementor-widget__width-inherit elementor-vertical-align-top elementor-widget elementor-widget-image-box\" data-id=\"3a754ec\" data-element_type=\"widget\" data-widget_type=\"image-box.default\">\n\t\t\t\t\t<div class=\"elementor-image-box-wrapper\"><figure class=\"elementor-image-box-img\"><img decoding=\"async\" width=\"50\" height=\"50\" src=\"https:\/\/tdrecycling.com.py\/wp-content\/uploads\/2025\/11\/cumplimiento.svg\" class=\"attachment-full size-full wp-image-1036\" alt=\"\" \/><\/figure><div class=\"elementor-image-box-content\"><h3 class=\"elementor-image-box-title\">Conformidade garantida<\/h3><p class=\"elementor-image-box-description\">Disposi\u00e7\u00e3o final aprovada pelo MADES e respaldada por certifica\u00e7\u00e3o oficial.<\/p><\/div><\/div>\t\t\t\t<\/div>\n\t\t\t\t<div class=\"elementor-element elementor-element-c1f363a elementor-position-left elementor-widget__width-inherit elementor-vertical-align-top elementor-widget elementor-widget-image-box\" data-id=\"c1f363a\" data-element_type=\"widget\" data-widget_type=\"image-box.default\">\n\t\t\t\t\t<div class=\"elementor-image-box-wrapper\"><figure class=\"elementor-image-box-img\"><img decoding=\"async\" width=\"46\" height=\"46\" src=\"https:\/\/tdrecycling.com.py\/wp-content\/uploads\/2025\/11\/resultados.svg\" class=\"attachment-full size-full wp-image-1049\" alt=\"\" \/><\/figure><div class=\"elementor-image-box-content\"><h3 class=\"elementor-image-box-title\">Resultados que agregam valor<\/h3><p class=\"elementor-image-box-description\">Relat\u00f3rios de sustentabilidade e rastreabilidade de cada pneu gerenciado.<\/p><\/div><\/div>\t\t\t\t<\/div>\n\t\t\t\t<\/div>\n\t\t\t\t<\/div>\n\t\t<div class=\"elementor-element elementor-element-70b5e6c e-grid e-con-full e-con e-child\" data-id=\"70b5e6c\" data-element_type=\"container\" data-settings=\"{&quot;jet_parallax_layout_list&quot;:[]}\">\n\t\t\t\t<div class=\"elementor-element elementor-element-c334fc2 elementor-position-left elementor-widget__width-inherit elementor-vertical-align-top elementor-widget elementor-widget-image-box\" data-id=\"c334fc2\" data-element_type=\"widget\" data-widget_type=\"image-box.default\">\n\t\t\t\t\t<div class=\"elementor-image-box-wrapper\"><figure class=\"elementor-image-box-img\"><img decoding=\"async\" width=\"38\" height=\"45\" src=\"https:\/\/tdrecycling.com.py\/wp-content\/uploads\/2025\/11\/prestigio.svg\" class=\"attachment-full size-full wp-image-1075\" alt=\"\" \/><\/figure><div class=\"elementor-image-box-content\"><h3 class=\"elementor-image-box-title\">Prest\u00edgio e diferencia\u00e7\u00e3o<\/h3><p class=\"elementor-image-box-description\">Sua empresa reconhecida como parceira da \u00fanica recicladora de pneus fora de uso com o <b>Selo Verde<\/b> do pa\u00eds.<\/p><\/div><\/div>\t\t\t\t<\/div>\n\t\t\t\t<div class=\"elementor-element elementor-element-4974adf elementor-position-left elementor-widget__width-inherit elementor-vertical-align-top elementor-widget elementor-widget-image-box\" data-id=\"4974adf\" data-element_type=\"widget\" data-widget_type=\"image-box.default\">\n\t\t\t\t\t<div class=\"elementor-image-box-wrapper\"><figure class=\"elementor-image-box-img\"><img loading=\"lazy\" decoding=\"async\" width=\"50\" height=\"50\" src=\"https:\/\/tdrecycling.com.py\/wp-content\/uploads\/2025\/11\/sumar.svg\" class=\"attachment-full size-full wp-image-1778\" alt=\"\" \/><\/figure><div class=\"elementor-image-box-content\"><h3 class=\"elementor-image-box-title\">Gest\u00e3o sem complica\u00e7\u00f5es<\/h3><p class=\"elementor-image-box-description\">Recep\u00e7\u00e3o na planta e processos eficientes, seguros e transparentes.<\/p><\/div><\/div>\t\t\t\t<\/div>\n\t\t\t\t<div class=\"elementor-element elementor-element-4cc962c elementor-position-left elementor-widget__width-inherit elementor-vertical-align-top elementor-widget elementor-widget-image-box\" data-id=\"4cc962c\" data-element_type=\"widget\" data-widget_type=\"image-box.default\">\n\t\t\t\t\t<div class=\"elementor-image-box-wrapper\"><figure class=\"elementor-image-box-img\"><img loading=\"lazy\" decoding=\"async\" width=\"50\" height=\"50\" src=\"https:\/\/tdrecycling.com.py\/wp-content\/uploads\/2025\/11\/impacto.png\" class=\"attachment-full size-full wp-image-2130\" alt=\"\" \/><\/figure><div class=\"elementor-image-box-content\"><h3 class=\"elementor-image-box-title\">Impacto com prop\u00f3sito<\/h3><p class=\"elementor-image-box-description\">Cria\u00e7\u00e3o de empregos verdes, apoio a fornecedores locais e fortalecimento do ecossistema circular.<\/p><\/div><\/div>\t\t\t\t<\/div>\n\t\t\t\t<\/div>\n\t\t\t\t\t<\/div>\n\t\t\t\t<\/div>\n\t\t<div class=\"elementor-element elementor-element-ff2b5d5 e-flex e-con-boxed e-con e-parent\" data-id=\"ff2b5d5\" data-element_type=\"container\" data-settings=\"{&quot;background_background&quot;:&quot;classic&quot;,&quot;jet_parallax_layout_list&quot;:[]}\">\n\t\t\t\t\t<div class=\"e-con-inner\">\n\t\t\t\t<div class=\"elementor-element elementor-element-191112e elementor-widget__width-initial elementor-widget elementor-widget-heading\" data-id=\"191112e\" data-element_type=\"widget\" data-widget_type=\"heading.default\">\n\t\t\t\t\t<h2 class=\"elementor-heading-title elementor-size-default\">Perguntas frequentes<\/h2>\t\t\t\t<\/div>\n\t\t\t\t<div class=\"elementor-element elementor-element-8bc23fc elementor-widget__width-initial elementor-widget elementor-widget-jet-accordion\" data-id=\"8bc23fc\" data-element_type=\"widget\" data-widget_type=\"jet-accordion.default\">\n\t\t\t\t<div class=\"elementor-widget-container\">\n\t\t\t\t\t\t\t\t\t<div class=\"jet-accordion\" data-settings=\"{&quot;collapsible&quot;:false,&quot;ajaxTemplate&quot;:false,&quot;switchScrolling&quot;:false,&quot;switchScrollingOffset&quot;:0,&quot;switchScrollingDelay&quot;:500}\">\n\t\t\t<div class=\"jet-accordion__inner\">\n\t\t\t\t<div class=\"jet-accordion__item jet-toggle jet-toggle-fall-perspective-effect active-toggle\">\n\t\t\t\t\t\t\t<div id=\"jet-toggle-control-1461\" class=\"jet-toggle__control elementor-menu-anchor\" data-toggle=\"1\" role=\"button\" tabindex=\"0\" aria-controls=\"jet-toggle-content-1461\" aria-expanded=\"true\" data-template-id=\"false\">\n\t\t\t\t\t\t\t\t<div class=\"jet-toggle__label-icon jet-toggle-icon-position-right\"><span class=\"jet-toggle__icon icon-normal jet-tabs-icon\"><svg class=\"e-font-icon-svg e-fas-chevron-down\" viewbox=\"0 0 448 512\" xmlns=\"http:\/\/www.w3.org\/2000\/svg\"><path d=\"M207.029 381.476L12.686 187.132c-9.373-9.373-9.373-24.569 0-33.941l22.667-22.667c9.357-9.357 24.522-9.375 33.901-.04L224 284.505l154.745-154.021c9.379-9.335 24.544-9.317 33.901.04l22.667 22.667c9.373 9.373 9.373 24.569 0 33.941L240.971 381.476c-9.373 9.372-24.569 9.372-33.942 0z\"><\/path><\/svg><\/span><span class=\"jet-toggle__icon icon-active jet-tabs-icon\"><svg class=\"e-font-icon-svg e-fas-chevron-down\" viewbox=\"0 0 448 512\" xmlns=\"http:\/\/www.w3.org\/2000\/svg\"><path d=\"M207.029 381.476L12.686 187.132c-9.373-9.373-9.373-24.569 0-33.941l22.667-22.667c9.357-9.357 24.522-9.375 33.901-.04L224 284.505l154.745-154.021c9.379-9.335 24.544-9.317 33.901.04l22.667 22.667c9.373 9.373 9.373 24.569 0 33.941L240.971 381.476c-9.373 9.372-24.569 9.372-33.942 0z\"><\/path><\/svg><\/span><\/div><div class=\"jet-toggle__label-text\">A T&amp;D Recycling compra pneus usados?<\/div>\t\t\t\t\t\t\t<\/div>\n\t\t\t\t\t\t\t<div id=\"jet-toggle-content-1461\" class=\"jet-toggle__content\" data-toggle=\"1\" role=\"region\" data-template-id=\"false\">\n\t\t\t\t\t\t\t\t<div class=\"jet-toggle__content-inner\"><p><span style=\"font-weight: 400;\">\u00a0N\u00e3o. Recebemos pneus fora de uso (NFU) em nossa f\u00e1brica. N\u00e3o realizamos coleta domiciliar nem retirada em lojas de pneus ou empresas.<\/span><span style=\"font-weight: 400;\"><br \/><\/span><\/p><\/div>\n\t\t\t\t\t\t\t<\/div>\n\t\t\t\t\t\t<\/div><div class=\"jet-accordion__item jet-toggle jet-toggle-fall-perspective-effect\">\n\t\t\t\t\t\t\t<div id=\"jet-toggle-control-1462\" class=\"jet-toggle__control elementor-menu-anchor\" data-toggle=\"2\" role=\"button\" tabindex=\"0\" aria-controls=\"jet-toggle-content-1462\" aria-expanded=\"false\" data-template-id=\"false\">\n\t\t\t\t\t\t\t\t<div class=\"jet-toggle__label-icon jet-toggle-icon-position-right\"><span class=\"jet-toggle__icon icon-normal jet-tabs-icon\"><svg class=\"e-font-icon-svg e-fas-chevron-down\" viewbox=\"0 0 448 512\" xmlns=\"http:\/\/www.w3.org\/2000\/svg\"><path d=\"M207.029 381.476L12.686 187.132c-9.373-9.373-9.373-24.569 0-33.941l22.667-22.667c9.357-9.357 24.522-9.375 33.901-.04L224 284.505l154.745-154.021c9.379-9.335 24.544-9.317 33.901.04l22.667 22.667c9.373 9.373 9.373 24.569 0 33.941L240.971 381.476c-9.373 9.372-24.569 9.372-33.942 0z\"><\/path><\/svg><\/span><span class=\"jet-toggle__icon icon-active jet-tabs-icon\"><svg class=\"e-font-icon-svg e-fas-chevron-up\" viewbox=\"0 0 448 512\" xmlns=\"http:\/\/www.w3.org\/2000\/svg\"><path d=\"M240.971 130.524l194.343 194.343c9.373 9.373 9.373 24.569 0 33.941l-22.667 22.667c-9.357 9.357-24.522 9.375-33.901.04L224 227.495 69.255 381.516c-9.379 9.335-24.544 9.317-33.901-.04l-22.667-22.667c-9.373-9.373-9.373-24.569 0-33.941L207.03 130.525c9.372-9.373 24.568-9.373 33.941-.001z\"><\/path><\/svg><\/span><\/div><div class=\"jet-toggle__label-text\">Que tipo de pneus voc\u00eas recebem?<\/div>\t\t\t\t\t\t\t<\/div>\n\t\t\t\t\t\t\t<div id=\"jet-toggle-content-1462\" class=\"jet-toggle__content\" data-toggle=\"2\" role=\"region\" data-template-id=\"false\">\n\t\t\t\t\t\t\t\t<div class=\"jet-toggle__content-inner\"><p><span style=\"font-weight: 400;\">Na T&amp;D Recycling, recebemos todos os pneus de bicicletas, motocicletas, carros, caminhonetes e caminh\u00f5es at\u00e9 o tamanho 22.5R.<\/span><\/p><p><span style=\"font-weight: 400;\">\u00a0N\u00e3o recebemos pneus de tratores, m\u00e1quinas agr\u00edcolas ou de grande porte industrial.<\/span><\/p><\/div>\n\t\t\t\t\t\t\t<\/div>\n\t\t\t\t\t\t<\/div><div class=\"jet-accordion__item jet-toggle jet-toggle-fall-perspective-effect\">\n\t\t\t\t\t\t\t<div id=\"jet-toggle-control-1463\" class=\"jet-toggle__control elementor-menu-anchor\" data-toggle=\"3\" role=\"button\" tabindex=\"0\" aria-controls=\"jet-toggle-content-1463\" aria-expanded=\"false\" data-template-id=\"false\">\n\t\t\t\t\t\t\t\t<div class=\"jet-toggle__label-icon jet-toggle-icon-position-right\"><span class=\"jet-toggle__icon icon-normal jet-tabs-icon\"><svg class=\"e-font-icon-svg e-fas-chevron-down\" viewbox=\"0 0 448 512\" xmlns=\"http:\/\/www.w3.org\/2000\/svg\"><path d=\"M207.029 381.476L12.686 187.132c-9.373-9.373-9.373-24.569 0-33.941l22.667-22.667c9.357-9.357 24.522-9.375 33.901-.04L224 284.505l154.745-154.021c9.379-9.335 24.544-9.317 33.901.04l22.667 22.667c9.373 9.373 9.373 24.569 0 33.941L240.971 381.476c-9.373 9.372-24.569 9.372-33.942 0z\"><\/path><\/svg><\/span><span class=\"jet-toggle__icon icon-active jet-tabs-icon\"><svg class=\"e-font-icon-svg e-fas-chevron-up\" viewbox=\"0 0 448 512\" xmlns=\"http:\/\/www.w3.org\/2000\/svg\"><path d=\"M240.971 130.524l194.343 194.343c9.373 9.373 9.373 24.569 0 33.941l-22.667 22.667c-9.357 9.357-24.522 9.375-33.901.04L224 227.495 69.255 381.516c-9.379 9.335-24.544 9.317-33.901-.04l-22.667-22.667c-9.373-9.373-9.373-24.569 0-33.941L207.03 130.525c9.372-9.373 24.568-9.373 33.941-.001z\"><\/path><\/svg><\/span><\/div><div class=\"jet-toggle__label-text\">O que acontece com os pneus depois que eu os entrego?<\/div>\t\t\t\t\t\t\t<\/div>\n\t\t\t\t\t\t\t<div id=\"jet-toggle-content-1463\" class=\"jet-toggle__content\" data-toggle=\"3\" role=\"region\" data-template-id=\"false\">\n\t\t\t\t\t\t\t\t<div class=\"jet-toggle__content-inner\"><p><span style=\"font-weight: 400;\">Assim que os pneus fora de uso (NFU) chegam \u00e0 nossa f\u00e1brica:<\/span><\/p><ul><li style=\"font-weight: 400;\" aria-level=\"1\"><span style=\"font-weight: 400;\">S\u00e3o classificados e processados por meio de um sistema mec\u00e2nico e el\u00e9trico 100%, sem uso de produtos qu\u00edmicos ou contaminantes.<\/span><\/li><li style=\"font-weight: 400;\" aria-level=\"1\"><span style=\"font-weight: 400;\">S\u00e3o transformados em mat\u00e9rias-primas recicladas, como borracha, a\u00e7o e fibras t\u00eaxteis.<\/span><\/li><li style=\"font-weight: 400;\" aria-level=\"1\"><span style=\"font-weight: 400;\">Esses materiais s\u00e3o aproveitados por ind\u00fastrias nacionais e internacionais para produzir novos produtos.<\/span><\/li><\/ul><\/div>\n\t\t\t\t\t\t\t<\/div>\n\t\t\t\t\t\t<\/div><div class=\"jet-accordion__item jet-toggle jet-toggle-fall-perspective-effect\">\n\t\t\t\t\t\t\t<div id=\"jet-toggle-control-1464\" class=\"jet-toggle__control elementor-menu-anchor\" data-toggle=\"4\" role=\"button\" tabindex=\"0\" aria-controls=\"jet-toggle-content-1464\" aria-expanded=\"false\" data-template-id=\"false\">\n\t\t\t\t\t\t\t\t<div class=\"jet-toggle__label-icon jet-toggle-icon-position-right\"><span class=\"jet-toggle__icon icon-normal jet-tabs-icon\"><svg class=\"e-font-icon-svg e-fas-chevron-down\" viewbox=\"0 0 448 512\" xmlns=\"http:\/\/www.w3.org\/2000\/svg\"><path d=\"M207.029 381.476L12.686 187.132c-9.373-9.373-9.373-24.569 0-33.941l22.667-22.667c9.357-9.357 24.522-9.375 33.901-.04L224 284.505l154.745-154.021c9.379-9.335 24.544-9.317 33.901.04l22.667 22.667c9.373 9.373 9.373 24.569 0 33.941L240.971 381.476c-9.373 9.372-24.569 9.372-33.942 0z\"><\/path><\/svg><\/span><span class=\"jet-toggle__icon icon-active jet-tabs-icon\"><svg class=\"e-font-icon-svg e-fas-chevron-up\" viewbox=\"0 0 448 512\" xmlns=\"http:\/\/www.w3.org\/2000\/svg\"><path d=\"M240.971 130.524l194.343 194.343c9.373 9.373 9.373 24.569 0 33.941l-22.667 22.667c-9.357 9.357-24.522 9.375-33.901.04L224 227.495 69.255 381.516c-9.379 9.335-24.544 9.317-33.901-.04l-22.667-22.667c-9.373-9.373-9.373-24.569 0-33.941L207.03 130.525c9.372-9.373 24.568-9.373 33.941-.001z\"><\/path><\/svg><\/span><\/div><div class=\"jet-toggle__label-text\">Por que \u00e9 importante reciclar NFU?<\/div>\t\t\t\t\t\t\t<\/div>\n\t\t\t\t\t\t\t<div id=\"jet-toggle-content-1464\" class=\"jet-toggle__content\" data-toggle=\"4\" role=\"region\" data-template-id=\"false\">\n\t\t\t\t\t\t\t\t<div class=\"jet-toggle__content-inner\"><p><span style=\"font-weight: 400;\">A reciclagem de pneus fora de uso \u00e9 fundamental porque:<\/span><\/p><ul><li style=\"font-weight: 400;\" aria-level=\"1\"><b>Evita impactos ambientais e sanit\u00e1rios<\/b><span style=\"font-weight: 400;\">: um pneu abandonado pode levar centenas de anos para se degradar, acumula \u00e1gua e se torna um criadouro de mosquitos transmissores de doen\u00e7as.<\/span><\/li><li style=\"font-weight: 400;\" aria-level=\"1\"><b>Reduz as emiss\u00f5es de CO\u2082<\/b><span style=\"font-weight: 400;\">: cada tonelada reciclada tem um alto potencial de mitiga\u00e7\u00e3o das mudan\u00e7as clim\u00e1ticas.<\/span><\/li><li style=\"font-weight: 400;\" aria-level=\"1\"><b>Gera empregos verdes e valor econ\u00f4mico<\/b><span style=\"font-weight: 400;\">: ao se transformarem em mat\u00e9ria-prima, os NFU impulsionam novas ind\u00fastrias, promovendo a economia circular.<\/span><\/li><li style=\"font-weight: 400;\" aria-level=\"1\"><b>Diminui a polui\u00e7\u00e3o causada pela queima ilegal<\/b><span style=\"font-weight: 400;\">: que libera subst\u00e2ncias t\u00f3xicas prejudiciais \u00e0 sa\u00fade e ao meio ambiente.<\/span><\/li><\/ul><p><span style=\"font-weight: 400;\">Em resumo, reciclar NFU n\u00e3o s\u00f3 resolve um problema de res\u00edduos, mas tamb\u00e9m <\/span><b>transforma um passivo ambiental em uma oportunidade de desenvolvimento sustent\u00e1vel<\/b><span style=\"font-weight: 400;\">.<\/span><\/p><\/div>\n\t\t\t\t\t\t\t<\/div>\n\t\t\t\t\t\t<\/div><div class=\"jet-accordion__item jet-toggle jet-toggle-fall-perspective-effect\">\n\t\t\t\t\t\t\t<div id=\"jet-toggle-control-1465\" class=\"jet-toggle__control elementor-menu-anchor\" data-toggle=\"5\" role=\"button\" tabindex=\"0\" aria-controls=\"jet-toggle-content-1465\" aria-expanded=\"false\" data-template-id=\"false\">\n\t\t\t\t\t\t\t\t<div class=\"jet-toggle__label-icon jet-toggle-icon-position-right\"><span class=\"jet-toggle__icon icon-normal jet-tabs-icon\"><svg class=\"e-font-icon-svg e-fas-chevron-down\" viewbox=\"0 0 448 512\" xmlns=\"http:\/\/www.w3.org\/2000\/svg\"><path d=\"M207.029 381.476L12.686 187.132c-9.373-9.373-9.373-24.569 0-33.941l22.667-22.667c9.357-9.357 24.522-9.375 33.901-.04L224 284.505l154.745-154.021c9.379-9.335 24.544-9.317 33.901.04l22.667 22.667c9.373 9.373 9.373 24.569 0 33.941L240.971 381.476c-9.373 9.372-24.569 9.372-33.942 0z\"><\/path><\/svg><\/span><span class=\"jet-toggle__icon icon-active jet-tabs-icon\"><svg class=\"e-font-icon-svg e-fas-chevron-up\" viewbox=\"0 0 448 512\" xmlns=\"http:\/\/www.w3.org\/2000\/svg\"><path d=\"M240.971 130.524l194.343 194.343c9.373 9.373 9.373 24.569 0 33.941l-22.667 22.667c-9.357 9.357-24.522 9.375-33.901.04L224 227.495 69.255 381.516c-9.379 9.335-24.544 9.317-33.901-.04l-22.667-22.667c-9.373-9.373-9.373-24.569 0-33.941L207.03 130.525c9.372-9.373 24.568-9.373 33.941-.001z\"><\/path><\/svg><\/span><\/div><div class=\"jet-toggle__label-text\">Emitem certificado de disposi\u00e7\u00e3o final?<\/div>\t\t\t\t\t\t\t<\/div>\n\t\t\t\t\t\t\t<div id=\"jet-toggle-content-1465\" class=\"jet-toggle__content\" data-toggle=\"5\" role=\"region\" data-template-id=\"false\">\n\t\t\t\t\t\t\t\t<div class=\"jet-toggle__content-inner\"><p><span style=\"font-weight: 400;\">Sim. Em <\/span><b>T&amp;D Reciclagem<\/b><span style=\"font-weight: 400;\"> emitimos <\/span><b>certificados oficiais de disposi\u00e7\u00e3o final<\/b><span style=\"font-weight: 400;\"> para todos os pneus recebidos e processados em nossa f\u00e1brica.<\/span><\/p><p><span style=\"font-weight: 400;\">Al\u00e9m disso, atualmente somos <\/span><b>A \u00fanica empresa de reciclagem de pneus fora de uso no Paraguai que conta com o selo verde concedido pelo MADES (Minist\u00e9rio do Meio Ambiente e Desenvolvimento Sustent\u00e1vel).<\/b><span style=\"font-weight: 400;\">, o que refor\u00e7a nosso compromisso com a gest\u00e3o ambiental respons\u00e1vel e a transpar\u00eancia em todos os nossos processos.<\/span><\/p><\/div>\n\t\t\t\t\t\t\t<\/div>\n\t\t\t\t\t\t<\/div>\t\t\t<\/div>\n\t\t<\/div>\n\t\t\t\t\t\t<\/div>\n\t\t\t\t<\/div>\n\t\t\t\t\t<\/div>\n\t\t\t\t<\/div>\n\t\t\t\t<\/div>","protected":false},"excerpt":{"rendered":"<p>Servi\u00e7o de descarte final de pneus Recebimento de pneus Na T&amp;D Recycling, oferecemos um servi\u00e7o integral de descarte final projetado para empresas, munic\u00edpios, institui\u00e7\u00f5es e organiza\u00e7\u00f5es que buscam uma solu\u00e7\u00e3o segura, certificada e sustent\u00e1vel para pneus fora de uso (NFU). Benef\u00edcios para sua organiza\u00e7\u00e3o Conformidade garantida Descarte final aprovado pelo MADES e respaldado [...]<\/p>","protected":false},"author":1,"featured_media":0,"parent":0,"menu_order":0,"comment_status":"closed","ping_status":"closed","template":"","meta":{"_joinchat":[],"footnotes":""},"class_list":["post-668","page","type-page","status-publish","hentry"],"_links":{"self":[{"href":"https:\/\/tdrecycling.com.py\/pt\/wp-json\/wp\/v2\/pages\/668","targetHints":{"allow":["GET"]}}],"collection":[{"href":"https:\/\/tdrecycling.com.py\/pt\/wp-json\/wp\/v2\/pages"}],"about":[{"href":"https:\/\/tdrecycling.com.py\/pt\/wp-json\/wp\/v2\/types\/page"}],"author":[{"embeddable":true,"href":"https:\/\/tdrecycling.com.py\/pt\/wp-json\/wp\/v2\/users\/1"}],"replies":[{"embeddable":true,"href":"https:\/\/tdrecycling.com.py\/pt\/wp-json\/wp\/v2\/comments?post=668"}],"version-history":[{"count":42,"href":"https:\/\/tdrecycling.com.py\/pt\/wp-json\/wp\/v2\/pages\/668\/revisions"}],"predecessor-version":[{"id":2480,"href":"https:\/\/tdrecycling.com.py\/pt\/wp-json\/wp\/v2\/pages\/668\/revisions\/2480"}],"wp:attachment":[{"href":"https:\/\/tdrecycling.com.py\/pt\/wp-json\/wp\/v2\/media?parent=668"}],"curies":[{"name":"wp","href":"https:\/\/api.w.org\/{rel}","templated":true}]}}